{"id":2708,"date":"2025-10-23T13:36:29","date_gmt":"2025-10-23T05:36:29","guid":{"rendered":"https:\/\/www.motjfilm.com\/?page_id=2708"},"modified":"2025-10-30T14:10:29","modified_gmt":"2025-10-30T06:10:29","slug":"case-studies-2","status":"publish","type":"page","link":"https:\/\/www.motjfilm.com\/fr\/case-studies-2\/","title":{"rendered":"Case Studies"},"content":{"rendered":"<div data-elementor-type=\"wp-post\" data-elementor-id=\"2708\" class=\"elementor elementor-2708\" data-elementor-post-type=\"page\">\n\t\t\t\t<div class=\"elementor-element elementor-element-8737ccb e-con-full e-flex e-con e-parent\" data-id=\"8737ccb\" data-element_type=\"container\">\n\t\t\t\t<div class=\"elementor-element elementor-element-948934e elementor-widget elementor-widget-hfe-breadcrumbs-widget\" data-id=\"948934e\" data-element_type=\"widget\" data-widget_type=\"hfe-breadcrumbs-widget.default\">\n\t\t\t\t<div class=\"elementor-widget-container\">\n\t\t\t\t\t<nav aria-label=\"Breadcrumb\"><ul class=\"hfe-breadcrumbs hfe-breadcrumbs-show-home\"><li class=\"hfe-breadcrumbs-item hfe-breadcrumbs-first\"><span class=\"hfe-breadcrumbs-home-icon\"><svg aria-hidden=\"true\" class=\"e-font-icon-svg e-fas-home\" viewbox=\"0 0 576 512\" xmlns=\"http:\/\/www.w3.org\/2000\/svg\"><path d=\"M280.37 148.26L96 300.11V464a16 16 0 0 0 16 16l112.06-.29a16 16 0 0 0 15.92-16V368a16 16 0 0 1 16-16h64a16 16 0 0 1 16 16v95.64a16 16 0 0 0 16 16.05L464 480a16 16 0 0 0 16-16V300L295.67 148.26a12.19 12.19 0 0 0-15.3 0zM571.6 251.47L488 182.56V44.05a12 12 0 0 0-12-12h-56a12 12 0 0 0-12 12v72.61L318.47 43a48 48 0 0 0-61 0L4.34 251.47a12 12 0 0 0-1.6 16.9l25.5 31A12 12 0 0 0 45.15 301l235.22-193.74a12.19 12.19 0 0 1 15.3 0L530.9 301a12 12 0 0 0 16.9-1.6l25.5-31a12 12 0 0 0-1.7-16.93z\"><\/path><\/svg><\/span><a href=\"https:\/\/www.motjfilm.com\/fr\"><span class=\"hfe-breadcrumbs-text\">Home<\/span><\/a><\/li><\/ul><\/nav>\t\t\t\t<\/div>\n\t\t\t\t<\/div>\n\t\t\t\t<\/div>\n\t\t<div class=\"elementor-element elementor-element-36c4a67 e-con-full e-flex e-con e-parent\" data-id=\"36c4a67\" data-element_type=\"container\">\n\t\t\t\t<div class=\"elementor-element elementor-element-d6bf538 elementor-widget elementor-widget-heading\" data-id=\"d6bf538\" data-element_type=\"widget\" data-widget_type=\"heading.default\">\n\t\t\t\t\t<h2 class=\"elementor-heading-title elementor-size-default\">Case Studies<\/h2>\t\t\t\t<\/div>\n\t\t\t\t<\/div>\n\t\t<div class=\"elementor-element elementor-element-f705cd8 e-con-full e-flex e-con e-parent\" data-id=\"f705cd8\" data-element_type=\"container\">\n\t\t\t\t<div class=\"elementor-element elementor-element-6849004 elementor-widget-divider--view-line elementor-widget elementor-widget-divider\" data-id=\"6849004\" data-element_type=\"widget\" data-widget_type=\"divider.default\">\n\t\t\t\t\t\t\t<div class=\"elementor-divider\">\n\t\t\t<span class=\"elementor-divider-separator\">\n\t\t\t\t\t\t<\/span>\n\t\t<\/div>\n\t\t\t\t\t\t<\/div>\n\t\t\t\t<\/div>\n\t\t<div class=\"elementor-element elementor-element-f0c2494 e-flex e-con-boxed e-con e-parent\" data-id=\"f0c2494\" data-element_type=\"container\">\n\t\t\t\t\t<div class=\"e-con-inner\">\n\t\t\t\t<div class=\"elementor-element elementor-element-63e49ea elementor-widget__width-inherit e-n-tabs-mobile elementor-widget elementor-widget-n-tabs\" data-id=\"63e49ea\" data-element_type=\"widget\" data-settings=\"{&quot;tabs_justify_horizontal&quot;:&quot;end&quot;,&quot;horizontal_scroll&quot;:&quot;disable&quot;}\" data-widget_type=\"nested-tabs.default\">\n\t\t\t\t\t\t\t<div class=\"e-n-tabs\" data-widget-number=\"104745450\" aria-label=\"Onglets. Ouvrez des \u00e9l\u00e9ments avec Entrer ou Espace, fermez-les avec Echape et naviguez \u00e0 l&#039;aide des touches fl\u00e9ch\u00e9es.\">\n\t\t\t<div class=\"e-n-tabs-heading\" role=\"tablist\">\n\t\t\t\t\t<button id=\"e-n-tab-title-1047454501\" class=\"e-n-tab-title\" aria-selected=\"true\" data-tab-index=\"1\" role=\"tab\" tabindex=\"0\" aria-controls=\"e-n-tab-content-1047454501\" style=\"--n-tabs-title-order: 1;\">\n\t\t\t\t\t\t<span class=\"e-n-tab-title-text\">\n\t\t\t\tPicture Cases\t\t\t<\/span>\n\t\t<\/button>\n\t\t\t\t<button id=\"e-n-tab-title-1047454502\" class=\"e-n-tab-title\" aria-selected=\"false\" data-tab-index=\"2\" role=\"tab\" tabindex=\"-1\" aria-controls=\"e-n-tab-content-1047454502\" style=\"--n-tabs-title-order: 2;\">\n\t\t\t\t\t\t<span class=\"e-n-tab-title-text\">\n\t\t\t\tVideo Cases\t\t\t<\/span>\n\t\t<\/button>\n\t\t\t\t\t<\/div>\n\t\t\t<div class=\"e-n-tabs-content\">\n\t\t\t\t<div id=\"e-n-tab-content-1047454501\" role=\"tabpanel\" aria-labelledby=\"e-n-tab-title-1047454501\" data-tab-index=\"1\" style=\"--n-tabs-title-order: 1;\" class=\"e-active elementor-element elementor-element-48cb878 e-con-full e-flex e-con e-child\" data-id=\"48cb878\" data-element_type=\"container\">\n\t\t<div class=\"elementor-element elementor-element-f87a633 e-con-full e-flex e-con e-child\" data-id=\"f87a633\" data-element_type=\"container\">\n\t\t\t\t<div class=\"elementor-element elementor-element-4e02611 elementor-widget elementor-widget-gallery\" data-id=\"4e02611\" data-element_type=\"widget\" data-settings=\"{&quot;gallery_layout&quot;:&quot;justified&quot;,&quot;ideal_row_height&quot;:{&quot;unit&quot;:&quot;px&quot;,&quot;size&quot;:477,&quot;sizes&quot;:[]},&quot;gap&quot;:{&quot;unit&quot;:&quot;px&quot;,&quot;size&quot;:50,&quot;sizes&quot;:[]},&quot;link_to&quot;:&quot;custom&quot;,&quot;image_hover_animation&quot;:&quot;grow&quot;,&quot;lazyload&quot;:&quot;yes&quot;,&quot;ideal_row_height_tablet&quot;:{&quot;unit&quot;:&quot;px&quot;,&quot;size&quot;:150,&quot;sizes&quot;:[]},&quot;ideal_row_height_mobile&quot;:{&quot;unit&quot;:&quot;px&quot;,&quot;size&quot;:150,&quot;sizes&quot;:[]},&quot;gap_tablet&quot;:{&quot;unit&quot;:&quot;px&quot;,&quot;size&quot;:10,&quot;sizes&quot;:[]},&quot;gap_mobile&quot;:{&quot;unit&quot;:&quot;px&quot;,&quot;size&quot;:10,&quot;sizes&quot;:[]},&quot;url&quot;:{&quot;url&quot;:&quot;&quot;,&quot;is_external&quot;:&quot;&quot;,&quot;nofollow&quot;:&quot;&quot;,&quot;custom_attributes&quot;:&quot;&quot;},&quot;show_all_galleries&quot;:&quot;yes&quot;,&quot;content_hover_animation&quot;:&quot;fade-in&quot;}\" data-widget_type=\"gallery.default\">\n\t\t\t\t\t\t\t\t<div class=\"elementor-gallery__titles-container e--pointer-underline e--animation-fade\" aria-label=\"Filtre de galerie\">\n\t\t\t\t\t\t\t\t\t<a class=\"elementor-item elementor-gallery-title\" role=\"button\" tabindex=\"0\" data-gallery-index=\"all\">\n\t\t\t\t\t\t\t\t\t\t\t<\/a>\n\t\t\t\t\n\t\t\t\t\t\t\t\t\t<a class=\"elementor-item elementor-gallery-title\" role=\"button\" tabindex=\"0\" data-gallery-index=\"0\">\n\t\t\t\t\t\t\t\t\t\t\t<\/a>\n\t\t\t\t\t\t\t\t\t\t<a class=\"elementor-item elementor-gallery-title\" role=\"button\" tabindex=\"0\" data-gallery-index=\"1\">\n\t\t\t\t\t\t\t\t\t\t\t<\/a>\n\t\t\t\t\t\t\t\t\t\t<a class=\"elementor-item elementor-gallery-title\" role=\"button\" tabindex=\"0\" data-gallery-index=\"2\">\n\t\t\t\t\t\t\t\t\t\t\t<\/a>\n\t\t\t\t\t\t\t\t<\/div>\n\t\t\t\t\t<div class=\"elementor-gallery__container\">\n\t\t\t\t\t\t\t<a class=\"e-gallery-item elementor-gallery-item elementor-animated-content\" data-e-gallery-tags=\"0\">\n\t\t\t\t\t<div class=\"e-gallery-image elementor-gallery-item__image\" data-thumbnail=\"https:\/\/www.motjfilm.com\/wp-content\/uploads\/2025\/10\/\u6848\u4f8b-scaled.jpg\" data-width=\"1920\" data-height=\"2560\" aria-label=\"\" role=\"img\" ><\/div>\n\t\t\t\t\t\t\t\t\t\t\t\t\t\t<\/a>\n\t\t\t\t\t\t\t<a class=\"e-gallery-item elementor-gallery-item elementor-animated-content\" data-e-gallery-tags=\"1\">\n\t\t\t\t\t<div class=\"e-gallery-image elementor-gallery-item__image\" data-thumbnail=\"https:\/\/www.motjfilm.com\/wp-content\/uploads\/2025\/10\/\u6848\u4f8b2-scaled.jpg\" data-width=\"1920\" data-height=\"2560\" aria-label=\"\" role=\"img\" ><\/div>\n\t\t\t\t\t\t\t\t\t\t\t\t\t\t<\/a>\n\t\t\t\t\t\t\t<a class=\"e-gallery-item elementor-gallery-item elementor-animated-content\" data-e-gallery-tags=\"2\">\n\t\t\t\t\t<div class=\"e-gallery-image elementor-gallery-item__image\" data-thumbnail=\"https:\/\/www.motjfilm.com\/wp-content\/uploads\/2025\/10\/\u6848\u4f8b3-scaled.jpg\" data-width=\"1920\" data-height=\"2560\" aria-label=\"\" role=\"img\" ><\/div>\n\t\t\t\t\t\t\t\t\t\t\t\t\t\t<\/a>\n\t\t\t\t\t<\/div>\n\t\t\t\t\t<\/div>\n\t\t\t\t<\/div>\n\t\t\t\t<\/div>\n\t\t<div id=\"e-n-tab-content-1047454502\" role=\"tabpanel\" aria-labelledby=\"e-n-tab-title-1047454502\" data-tab-index=\"2\" style=\"--n-tabs-title-order: 2;\" class=\"elementor-element elementor-element-ee01758 e-con-full e-flex e-con e-child\" data-id=\"ee01758\" data-element_type=\"container\">\n\t\t<div class=\"elementor-element elementor-element-5609743 e-con-full e-flex e-con e-child\" data-id=\"5609743\" data-element_type=\"container\">\n\t\t\t\t<div class=\"elementor-element elementor-element-7237657 elementor-grid-3 elementor-grid-tablet-2 elementor-grid-mobile-1 elementor-widget elementor-widget-portfolio\" data-id=\"7237657\" data-element_type=\"widget\" data-settings=\"{&quot;columns&quot;:&quot;3&quot;,&quot;columns_tablet&quot;:&quot;2&quot;,&quot;columns_mobile&quot;:&quot;1&quot;,&quot;item_ratio&quot;:{&quot;unit&quot;:&quot;px&quot;,&quot;size&quot;:0.66,&quot;sizes&quot;:[]},&quot;item_gap&quot;:{&quot;unit&quot;:&quot;px&quot;,&quot;size&quot;:&quot;&quot;,&quot;sizes&quot;:[]},&quot;row_gap&quot;:{&quot;unit&quot;:&quot;px&quot;,&quot;size&quot;:&quot;&quot;,&quot;sizes&quot;:[]}}\" data-widget_type=\"portfolio.default\">\n\t\t\t\t<div class=\"elementor-widget-container\">\n\t\t\t\t\t\t\t<div class=\"elementor-portfolio elementor-grid elementor-posts-container\" role=\"list\">\n\t\t\t\t<article class=\"elementor-portfolio-item elementor-post  post-5594 post type-post status-publish format-standard has-post-thumbnail hentry category-uncategorized\" role=\"listitem\">\n\t\t\t<a class=\"elementor-post__thumbnail__link\" href=\"https:\/\/www.motjfilm.com\/fr\/car-window-film-types-2\/\">\n\t\t\t\t<div class=\"elementor-portfolio-item__img elementor-post__thumbnail\">\n\t\t\t<img loading=\"lazy\" decoding=\"async\" width=\"300\" height=\"300\" src=\"https:\/\/www.motjfilm.com\/wp-content\/uploads\/2026\/04\/featured-1775819977499-300x300.jpg\" class=\"attachment-medium size-medium wp-image-5593\" alt=\"\" srcset=\"https:\/\/www.motjfilm.com\/wp-content\/uploads\/2026\/04\/featured-1775819977499-300x300.jpg 300w, https:\/\/www.motjfilm.com\/wp-content\/uploads\/2026\/04\/featured-1775819977499-150x150.jpg 150w, https:\/\/www.motjfilm.com\/wp-content\/uploads\/2026\/04\/featured-1775819977499-768x768.jpg 768w, https:\/\/www.motjfilm.com\/wp-content\/uploads\/2026\/04\/featured-1775819977499-12x12.jpg 12w, https:\/\/www.motjfilm.com\/wp-content\/uploads\/2026\/04\/featured-1775819977499-800x800.jpg 800w, https:\/\/www.motjfilm.com\/wp-content\/uploads\/2026\/04\/featured-1775819977499-100x100.jpg 100w, https:\/\/www.motjfilm.com\/wp-content\/uploads\/2026\/04\/featured-1775819977499.jpg 1024w\" sizes=\"auto, (max-width: 300px) 100vw, 300px\" \/>\t\t<\/div>\n\t\t\t\t<div class=\"elementor-portfolio-item__overlay\">\n\t\t\t\t<h3 class=\"elementor-portfolio-item__title\">\n\t\tUnderstanding Different Types of Car Window Film: A Guide to Choosing the Right Solution\t\t<\/h3>\n\t\t\t\t<\/div>\n\t\t\t\t<\/a>\n\t\t<\/article>\n\t\t\t\t<article class=\"elementor-portfolio-item elementor-post  post-5591 post type-post status-publish format-standard has-post-thumbnail hentry category-uncategorized\" role=\"listitem\">\n\t\t\t<a class=\"elementor-post__thumbnail__link\" href=\"https:\/\/www.motjfilm.com\/fr\/car-window-film-types\/\">\n\t\t\t\t<div class=\"elementor-portfolio-item__img elementor-post__thumbnail\">\n\t\t\t<img loading=\"lazy\" decoding=\"async\" width=\"300\" height=\"300\" src=\"https:\/\/www.motjfilm.com\/wp-content\/uploads\/2026\/04\/featured-1775819766743-300x300.jpg\" class=\"attachment-medium size-medium wp-image-5590\" alt=\"\" srcset=\"https:\/\/www.motjfilm.com\/wp-content\/uploads\/2026\/04\/featured-1775819766743-300x300.jpg 300w, https:\/\/www.motjfilm.com\/wp-content\/uploads\/2026\/04\/featured-1775819766743-150x150.jpg 150w, https:\/\/www.motjfilm.com\/wp-content\/uploads\/2026\/04\/featured-1775819766743-768x768.jpg 768w, https:\/\/www.motjfilm.com\/wp-content\/uploads\/2026\/04\/featured-1775819766743-12x12.jpg 12w, https:\/\/www.motjfilm.com\/wp-content\/uploads\/2026\/04\/featured-1775819766743-800x800.jpg 800w, https:\/\/www.motjfilm.com\/wp-content\/uploads\/2026\/04\/featured-1775819766743-100x100.jpg 100w, https:\/\/www.motjfilm.com\/wp-content\/uploads\/2026\/04\/featured-1775819766743.jpg 1024w\" sizes=\"auto, (max-width: 300px) 100vw, 300px\" \/>\t\t<\/div>\n\t\t\t\t<div class=\"elementor-portfolio-item__overlay\">\n\t\t\t\t<h3 class=\"elementor-portfolio-item__title\">\n\t\tUnderstanding the Different Types of Car Window Film: Choosing the Right Solution for Your Business\t\t<\/h3>\n\t\t\t\t<\/div>\n\t\t\t\t<\/a>\n\t\t<\/article>\n\t\t\t\t<article class=\"elementor-portfolio-item elementor-post  post-5588 post type-post status-publish format-standard has-post-thumbnail hentry category-uncategorized\" role=\"listitem\">\n\t\t\t<a class=\"elementor-post__thumbnail__link\" href=\"https:\/\/www.motjfilm.com\/fr\/car-window-film-guide\/\">\n\t\t\t\t<div class=\"elementor-portfolio-item__img elementor-post__thumbnail\">\n\t\t\t<img loading=\"lazy\" decoding=\"async\" width=\"300\" height=\"300\" src=\"https:\/\/www.motjfilm.com\/wp-content\/uploads\/2026\/04\/featured-1775819522156-300x300.jpg\" class=\"attachment-medium size-medium wp-image-5587\" alt=\"\" srcset=\"https:\/\/www.motjfilm.com\/wp-content\/uploads\/2026\/04\/featured-1775819522156-300x300.jpg 300w, https:\/\/www.motjfilm.com\/wp-content\/uploads\/2026\/04\/featured-1775819522156-150x150.jpg 150w, https:\/\/www.motjfilm.com\/wp-content\/uploads\/2026\/04\/featured-1775819522156-768x768.jpg 768w, https:\/\/www.motjfilm.com\/wp-content\/uploads\/2026\/04\/featured-1775819522156-12x12.jpg 12w, https:\/\/www.motjfilm.com\/wp-content\/uploads\/2026\/04\/featured-1775819522156-800x800.jpg 800w, https:\/\/www.motjfilm.com\/wp-content\/uploads\/2026\/04\/featured-1775819522156-100x100.jpg 100w, https:\/\/www.motjfilm.com\/wp-content\/uploads\/2026\/04\/featured-1775819522156.jpg 1024w\" sizes=\"auto, (max-width: 300px) 100vw, 300px\" \/>\t\t<\/div>\n\t\t\t\t<div class=\"elementor-portfolio-item__overlay\">\n\t\t\t\t<h3 class=\"elementor-portfolio-item__title\">\n\t\tUnderstanding the Different Types of Car Window Film: A Comprehensive Guide for Businesses\t\t<\/h3>\n\t\t\t\t<\/div>\n\t\t\t\t<\/a>\n\t\t<\/article>\n\t\t\t\t<article class=\"elementor-portfolio-item elementor-post  post-5583 post type-post status-publish format-standard has-post-thumbnail hentry category-uncategorized\" role=\"listitem\">\n\t\t\t<a class=\"elementor-post__thumbnail__link\" href=\"https:\/\/www.motjfilm.com\/fr\/car-window-film-2\/\">\n\t\t\t\t<div class=\"elementor-portfolio-item__img elementor-post__thumbnail\">\n\t\t\t<img loading=\"lazy\" decoding=\"async\" width=\"300\" height=\"300\" src=\"https:\/\/www.motjfilm.com\/wp-content\/uploads\/2026\/04\/featured-1775817704820-300x300.jpg\" class=\"attachment-medium size-medium wp-image-5582\" alt=\"\" srcset=\"https:\/\/www.motjfilm.com\/wp-content\/uploads\/2026\/04\/featured-1775817704820-300x300.jpg 300w, https:\/\/www.motjfilm.com\/wp-content\/uploads\/2026\/04\/featured-1775817704820-150x150.jpg 150w, https:\/\/www.motjfilm.com\/wp-content\/uploads\/2026\/04\/featured-1775817704820-768x768.jpg 768w, https:\/\/www.motjfilm.com\/wp-content\/uploads\/2026\/04\/featured-1775817704820-12x12.jpg 12w, https:\/\/www.motjfilm.com\/wp-content\/uploads\/2026\/04\/featured-1775817704820-800x800.jpg 800w, https:\/\/www.motjfilm.com\/wp-content\/uploads\/2026\/04\/featured-1775817704820-100x100.jpg 100w, https:\/\/www.motjfilm.com\/wp-content\/uploads\/2026\/04\/featured-1775817704820.jpg 1024w\" sizes=\"auto, (max-width: 300px) 100vw, 300px\" \/>\t\t<\/div>\n\t\t\t\t<div class=\"elementor-portfolio-item__overlay\">\n\t\t\t\t<h3 class=\"elementor-portfolio-item__title\">\n\t\tRevolutionizing Comfort and Efficiency: The Role of Car Window Films in Modern Automotive Design\t\t<\/h3>\n\t\t\t\t<\/div>\n\t\t\t\t<\/a>\n\t\t<\/article>\n\t\t\t\t<article class=\"elementor-portfolio-item elementor-post  post-5581 post type-post status-publish format-standard has-post-thumbnail hentry category-uncategorized\" role=\"listitem\">\n\t\t\t<a class=\"elementor-post__thumbnail__link\" href=\"https:\/\/www.motjfilm.com\/fr\/car-window-film\/\">\n\t\t\t\t<div class=\"elementor-portfolio-item__img elementor-post__thumbnail\">\n\t\t\t<img loading=\"lazy\" decoding=\"async\" width=\"300\" height=\"300\" src=\"https:\/\/www.motjfilm.com\/wp-content\/uploads\/2026\/04\/featured-1775817505119-300x300.jpg\" class=\"attachment-medium size-medium wp-image-5580\" alt=\"\" srcset=\"https:\/\/www.motjfilm.com\/wp-content\/uploads\/2026\/04\/featured-1775817505119-300x300.jpg 300w, https:\/\/www.motjfilm.com\/wp-content\/uploads\/2026\/04\/featured-1775817505119-150x150.jpg 150w, https:\/\/www.motjfilm.com\/wp-content\/uploads\/2026\/04\/featured-1775817505119-768x768.jpg 768w, https:\/\/www.motjfilm.com\/wp-content\/uploads\/2026\/04\/featured-1775817505119-12x12.jpg 12w, https:\/\/www.motjfilm.com\/wp-content\/uploads\/2026\/04\/featured-1775817505119-800x800.jpg 800w, https:\/\/www.motjfilm.com\/wp-content\/uploads\/2026\/04\/featured-1775817505119-100x100.jpg 100w, https:\/\/www.motjfilm.com\/wp-content\/uploads\/2026\/04\/featured-1775817505119.jpg 1024w\" sizes=\"auto, (max-width: 300px) 100vw, 300px\" \/>\t\t<\/div>\n\t\t\t\t<div class=\"elementor-portfolio-item__overlay\">\n\t\t\t\t<h3 class=\"elementor-portfolio-item__title\">\n\t\tRevolutionizing Window Protection: The Advantages of 3M Car Window Films for Heat and UV Control\t\t<\/h3>\n\t\t\t\t<\/div>\n\t\t\t\t<\/a>\n\t\t<\/article>\n\t\t\t\t<article class=\"elementor-portfolio-item elementor-post  post-3761 post type-post status-publish format-standard has-post-thumbnail hentry category-uncategorized\" role=\"listitem\">\n\t\t\t<a class=\"elementor-post__thumbnail__link\" href=\"https:\/\/www.motjfilm.com\/fr\/blog-car-window-film\/\">\n\t\t\t\t<div class=\"elementor-portfolio-item__img elementor-post__thumbnail\">\n\t\t\t<img loading=\"lazy\" decoding=\"async\" width=\"300\" height=\"175\" src=\"https:\/\/www.motjfilm.com\/wp-content\/uploads\/2025\/11\/\u7a97\u819c-1-300x175.webp\" class=\"attachment-medium size-medium wp-image-3767\" alt=\"Clear sight from the car window with the window tint\" srcset=\"https:\/\/www.motjfilm.com\/wp-content\/uploads\/2025\/11\/\u7a97\u819c-1-300x175.webp 300w, https:\/\/www.motjfilm.com\/wp-content\/uploads\/2025\/11\/\u7a97\u819c-1-18x10.webp 18w, https:\/\/www.motjfilm.com\/wp-content\/uploads\/2025\/11\/\u7a97\u819c-1.webp 767w\" sizes=\"auto, (max-width: 300px) 100vw, 300px\" \/>\t\t<\/div>\n\t\t\t\t<div class=\"elementor-portfolio-item__overlay\">\n\t\t\t\t<h3 class=\"elementor-portfolio-item__title\">\n\t\tWhat Is Car Window Film? A Complete Guide for Automotive Professionals\t\t<\/h3>\n\t\t\t\t<\/div>\n\t\t\t\t<\/a>\n\t\t<\/article>\n\t\t\t\t<\/div>\n\t\t\t\t\t\t<\/div>\n\t\t\t\t<\/div>\n\t\t\t\t<\/div>\n\t\t\t\t<\/div>\n\t\t\t\t\t<\/div>\n\t\t<\/div>\n\t\t\t\t\t\t<\/div>\n\t\t\t\t\t<\/div>\n\t\t\t\t<\/div>\n\t\t<div class=\"elementor-element elementor-element-7972261 e-grid e-con-boxed e-con e-parent\" data-id=\"7972261\" data-element_type=\"container\">\n\t\t\t\t\t<div class=\"e-con-inner\">\n\t\t\t\t<div class=\"elementor-element elementor-element-7d841f5 elementor-widget elementor-widget-heading\" data-id=\"7d841f5\" data-element_type=\"widget\" data-widget_type=\"heading.default\">\n\t\t\t\t\t<h6 class=\"elementor-heading-title elementor-size-default\">TPU PPF\n<br>Paint Protection, Exceptional Texture, <br>Enduring Durability<\/h6>\t\t\t\t<\/div>\n\t\t\t\t<div class=\"elementor-element elementor-element-8399e5d elementor-widget elementor-widget-heading\" data-id=\"8399e5d\" data-element_type=\"widget\" data-widget_type=\"heading.default\">\n\t\t\t\t\t<h6 class=\"elementor-heading-title elementor-size-default\">TPU Color PPF<br>\nColor-Renewing Protection, <br>Outstanding Texture  Longer Durability\n<\/h6>\t\t\t\t<\/div>\n\t\t\t\t<div class=\"elementor-element elementor-element-864b134 elementor-widget elementor-widget-heading\" data-id=\"864b134\" data-element_type=\"widget\" data-widget_type=\"heading.default\">\n\t\t\t\t\t<h6 class=\"elementor-heading-title elementor-size-default\">Car window film<br>\nUV Shielding, Clear View, <br>Long-Lasting Protection\n<\/h6>\t\t\t\t<\/div>\n\t\t\t\t\t<\/div>\n\t\t\t\t<\/div>\n\t\t\t\t<\/div>","protected":false},"excerpt":{"rendered":"<p>Home Case Studies Picture Cases Video Cases Is Paint Protection Film (PPF) Worth It? The [&hellip;]<\/p>","protected":false},"author":1,"featured_media":0,"parent":0,"menu_order":0,"comment_status":"closed","ping_status":"closed","template":"","meta":{"site-sidebar-layout":"no-sidebar","site-content-layout":"","ast-site-content-layout":"full-width-container","site-content-style":"default","site-sidebar-style":"default","ast-global-header-display":"","ast-banner-title-visibility":"","ast-main-header-display":"","ast-hfb-above-header-display":"","ast-hfb-below-header-display":"","ast-hfb-mobile-header-display":"","site-post-title":"disabled","ast-breadcrumbs-content":"","ast-featured-img":"disabled","footer-sml-layout":"","theme-transparent-header-meta":"","adv-header-id-meta":"","stick-header-meta":"","header-above-stick-meta":"","header-main-stick-meta":"","header-below-stick-meta":"","astra-migrate-meta-layouts":"default","ast-page-background-enabled":"default","ast-page-background-meta":{"desktop":{"background-color":"var(--ast-global-color-4)","background-image":"","background-repeat":"repeat","background-position":"center center","background-size":"auto","background-attachment":"scroll","background-type":"","background-media":"","overlay-type":"","overlay-color":"","overlay-opacity":"","overlay-gradient":""},"tablet":{"background-color":"","background-image":"","background-repeat":"repeat","background-position":"center center","background-size":"auto","background-attachment":"scroll","background-type":"","background-media":"","overlay-type":"","overlay-color":"","overlay-opacity":"","overlay-gradient":""},"mobile":{"background-color":"","background-image":"","background-repeat":"repeat","background-position":"center center","background-size":"auto","background-attachment":"scroll","background-type":"","background-media":"","overlay-type":"","overlay-color":"","overlay-opacity":"","overlay-gradient":""}},"ast-content-background-meta":{"desktop":{"background-color":"var(--ast-global-color-5)","background-image":"","background-repeat":"repeat","background-position":"center center","background-size":"auto","background-attachment":"scroll","background-type":"","background-media":"","overlay-type":"","overlay-color":"","overlay-opacity":"","overlay-gradient":""},"tablet":{"background-color":"var(--ast-global-color-5)","background-image":"","background-repeat":"repeat","background-position":"center center","background-size":"auto","background-attachment":"scroll","background-type":"","background-media":"","overlay-type":"","overlay-color":"","overlay-opacity":"","overlay-gradient":""},"mobile":{"background-color":"var(--ast-global-color-5)","background-image":"","background-repeat":"repeat","background-position":"center center","background-size":"auto","background-attachment":"scroll","background-type":"","background-media":"","overlay-type":"","overlay-color":"","overlay-opacity":"","overlay-gradient":""}},"footnotes":""},"class_list":["post-2708","page","type-page","status-publish","hentry"],"_links":{"self":[{"href":"https:\/\/www.motjfilm.com\/fr\/wp-json\/wp\/v2\/pages\/2708","targetHints":{"allow":["GET"]}}],"collection":[{"href":"https:\/\/www.motjfilm.com\/fr\/wp-json\/wp\/v2\/pages"}],"about":[{"href":"https:\/\/www.motjfilm.com\/fr\/wp-json\/wp\/v2\/types\/page"}],"author":[{"embeddable":true,"href":"https:\/\/www.motjfilm.com\/fr\/wp-json\/wp\/v2\/users\/1"}],"replies":[{"embeddable":true,"href":"https:\/\/www.motjfilm.com\/fr\/wp-json\/wp\/v2\/comments?post=2708"}],"version-history":[{"count":64,"href":"https:\/\/www.motjfilm.com\/fr\/wp-json\/wp\/v2\/pages\/2708\/revisions"}],"predecessor-version":[{"id":3634,"href":"https:\/\/www.motjfilm.com\/fr\/wp-json\/wp\/v2\/pages\/2708\/revisions\/3634"}],"wp:attachment":[{"href":"https:\/\/www.motjfilm.com\/fr\/wp-json\/wp\/v2\/media?parent=2708"}],"curies":[{"name":"wp","href":"https:\/\/api.w.org\/{rel}","templated":true}]}}